{"id":1438,"date":"2023-10-09T10:01:03","date_gmt":"2023-10-09T08:01:03","guid":{"rendered":"https:\/\/jzconnections.com\/quien-soy\/"},"modified":"2024-04-05T15:24:21","modified_gmt":"2024-04-05T13:24:21","slug":"quien-soy","status":"publish","type":"page","link":"https:\/\/jzconnections.com\/es\/quien-soy\/","title":{"rendered":"Qui\u00e9n Soy"},"content":{"rendered":"\t\t<div data-elementor-type=\"wp-page\" data-elementor-id=\"1438\" class=\"elementor elementor-1438 elementor-82\" data-elementor-post-type=\"page\">\n\t\t\t\t<div class=\"elementor-element elementor-element-4305e4a elementor-hidden-desktop elementor-hidden-tablet e-flex e-con-boxed e-con e-parent\" data-id=\"4305e4a\" data-element_type=\"container\">\n\t\t\t\t\t<div class=\"e-con-inner\">\n\t\t<div class=\"elementor-element elementor-element-2169e11 e-con-full e-flex e-con e-child\" data-id=\"2169e11\" data-element_type=\"container\">\n\t\t\t\t<div class=\"elementor-element elementor-element-ef9f301 elementor-widget elementor-widget-text-editor\" data-id=\"ef9f301\" data-element_type=\"widget\" data-widget_type=\"text-editor.default\">\n\t\t\t\t<div class=\"elementor-widget-container\">\n\t\t\t\t\t\t\t\t\t<p><span class=\"OYPEnA text-decoration-none text-strikethrough-none\">Qui\u00e9n Soy<\/span><\/p>\n\t\t\t\t\t\t\t\t<\/div>\n\t\t\t\t<\/div>\n\t\t\t\t<div class=\"elementor-element elementor-element-d6d1968 elementor-widget elementor-widget-text-editor\" data-id=\"d6d1968\" data-element_type=\"widget\" data-widget_type=\"text-editor.default\">\n\t\t\t\t<div class=\"elementor-widget-container\">\n\t\t\t\t\t\t\t\t\t<p class=\"cvGsUA direction-ltr align-center para-style-body\"><span class=\"OYPEnA text-decoration-none text-strikethrough-none\">Soy Johana Zambrano,<br \/>originaria de Ecuador, Sudam\u00e9rica.<br \/>Vivo en Italia<br \/>desde hace m\u00e1s de veinte a\u00f1os<br \/>me encanta considerarme<br \/>una fusi\u00f3n de estas dos culturas.<\/span><\/p>\n\t\t\t\t\t\t\t\t<\/div>\n\t\t\t\t<\/div>\n\t\t\t\t<\/div>\n\t\t<div class=\"elementor-element elementor-element-a46d783 e-con-full e-flex e-con e-child\" data-id=\"a46d783\" data-element_type=\"container\">\n\t\t\t\t<div class=\"elementor-element elementor-element-2c00e7e elementor-widget elementor-widget-image\" data-id=\"2c00e7e\" data-element_type=\"widget\" data-widget_type=\"image.default\">\n\t\t\t\t<div class=\"elementor-widget-container\">\n\t\t\t\t\t\t\t\t\t\t\t\t\t\t\t<img fetchpriority=\"high\" decoding=\"async\" width=\"800\" height=\"481\" src=\"https:\/\/jzconnections.com\/wp-content\/uploads\/2024\/02\/Immagine-2024-02-09-174018-1-1024x616.jpg\" class=\"attachment-large size-large wp-image-1342\" alt=\"\" srcset=\"https:\/\/jzconnections.com\/wp-content\/uploads\/2024\/02\/Immagine-2024-02-09-174018-1-1024x616.jpg 1024w, https:\/\/jzconnections.com\/wp-content\/uploads\/2024\/02\/Immagine-2024-02-09-174018-1-300x180.jpg 300w, https:\/\/jzconnections.com\/wp-content\/uploads\/2024\/02\/Immagine-2024-02-09-174018-1-768x462.jpg 768w, https:\/\/jzconnections.com\/wp-content\/uploads\/2024\/02\/Immagine-2024-02-09-174018-1.jpg 1398w\" sizes=\"(max-width: 800px) 100vw, 800px\" \/>\t\t\t\t\t\t\t\t\t\t\t\t\t\t\t<\/div>\n\t\t\t\t<\/div>\n\t\t\t\t<\/div>\n\t\t<div class=\"elementor-element elementor-element-201e94b e-con-full e-flex e-con e-child\" data-id=\"201e94b\" data-element_type=\"container\">\n\t\t\t\t<div class=\"elementor-element elementor-element-d4bd188 elementor-widget elementor-widget-text-editor\" data-id=\"d4bd188\" data-element_type=\"widget\" data-widget_type=\"text-editor.default\">\n\t\t\t\t<div class=\"elementor-widget-container\">\n\t\t\t\t\t\t\t\t\t<p><span class=\"OYPEnA text-decoration-none text-strikethrough-none\">Mi Trayectoria:<\/span><\/p>\n\t\t\t\t\t\t\t\t<\/div>\n\t\t\t\t<\/div>\n\t\t\t\t<div class=\"elementor-element elementor-element-630aed3 elementor-widget elementor-widget-text-editor\" data-id=\"630aed3\" data-element_type=\"widget\" data-widget_type=\"text-editor.default\">\n\t\t\t\t<div class=\"elementor-widget-container\">\n\t\t\t\t\t\t\t\t\t<p class=\"cvGsUA direction-ltr align-center para-style-body\"><span class=\"OYPEnA text-decoration-none text-strikethrough-none\">Estudi\u00e9 Comunicaci\u00f3n Intercultural para la Cooperaci\u00f3n y los Negocios para intercambios con el Oriente. Posteriormente, viv\u00ed y estudi\u00e9 chino directamente en China durante un a\u00f1o, concluyendo esta experiencia trabajando en una empresa china durante varias semanas antes de regresar a Italia.<\/span><\/p>\n<p class=\"cvGsUA direction-ltr align-center para-style-body\">\n<p class=\"cvGsUA direction-ltr align-center para-style-body\"><span class=\"OYPEnA text-decoration-none text-strikethrough-none\">En mi experiencia, cuento con fluidez en cinco idiomas diferentes, incluyendo italiano y espa\u00f1ol como lenguas maternas, un nivel avanzado de ingl\u00e9s, y habilidades intermedias en franc\u00e9s y chino.<\/span><\/p>\n\t\t\t\t\t\t\t\t<\/div>\n\t\t\t\t<\/div>\n\t\t\t\t<\/div>\n\t\t\t\t\t<\/div>\n\t\t\t\t<\/div>\n\t\t<div class=\"elementor-element elementor-element-509ee1f elementor-hidden-mobile elementor-hidden-desktop e-flex e-con-boxed e-con e-parent\" data-id=\"509ee1f\" data-element_type=\"container\" data-settings=\"{&quot;background_background&quot;:&quot;classic&quot;}\">\n\t\t\t\t\t<div class=\"e-con-inner\">\n\t\t<div class=\"elementor-element elementor-element-d36d077 e-con-full e-flex e-con e-child\" data-id=\"d36d077\" data-element_type=\"container\">\n\t\t\t\t<div class=\"elementor-element elementor-element-2191e74 elementor-widget elementor-widget-text-editor\" data-id=\"2191e74\" data-element_type=\"widget\" data-widget_type=\"text-editor.default\">\n\t\t\t\t<div class=\"elementor-widget-container\">\n\t\t\t\t\t\t\t\t\t<p><span class=\"OYPEnA text-decoration-none text-strikethrough-none\">Qui\u00e9n Soy<\/span><\/p>\n\t\t\t\t\t\t\t\t<\/div>\n\t\t\t\t<\/div>\n\t\t\t\t<div class=\"elementor-element elementor-element-021a89e elementor-widget elementor-widget-text-editor\" data-id=\"021a89e\" data-element_type=\"widget\" data-widget_type=\"text-editor.default\">\n\t\t\t\t<div class=\"elementor-widget-container\">\n\t\t\t\t\t\t\t\t\t<p class=\"cvGsUA direction-ltr align-center para-style-body\"><span class=\"OYPEnA text-decoration-none text-strikethrough-none\">Soy Johana Zambrano,<br \/>originaria de Ecuador, Sudam\u00e9rica.<br \/>Vivo en Italia<br \/>desde hace m\u00e1s de veinte a\u00f1os<br \/>me encanta considerarme<br \/>una fusi\u00f3n de estas dos culturas.<\/span><\/p>\n\t\t\t\t\t\t\t\t<\/div>\n\t\t\t\t<\/div>\n\t\t\t\t<\/div>\n\t\t<div class=\"elementor-element elementor-element-1005fa9 e-con-full e-flex e-con e-child\" data-id=\"1005fa9\" data-element_type=\"container\">\n\t\t\t\t<div class=\"elementor-element elementor-element-d67d393 elementor-widget elementor-widget-text-editor\" data-id=\"d67d393\" data-element_type=\"widget\" data-widget_type=\"text-editor.default\">\n\t\t\t\t<div class=\"elementor-widget-container\">\n\t\t\t\t\t\t\t\t\t<p><span class=\"OYPEnA text-decoration-none text-strikethrough-none\">Mi Trayectoria:<\/span><\/p>\n\t\t\t\t\t\t\t\t<\/div>\n\t\t\t\t<\/div>\n\t\t\t\t<div class=\"elementor-element elementor-element-c349560 elementor-widget elementor-widget-text-editor\" data-id=\"c349560\" data-element_type=\"widget\" data-widget_type=\"text-editor.default\">\n\t\t\t\t<div class=\"elementor-widget-container\">\n\t\t\t\t\t\t\t\t\t<p><strong>Experiencias Educativas y Culturales<\/strong><\/p>\n<p>Estudi\u00e9 Comunicaci\u00f3n Intercultural para la Cooperaci\u00f3n y los Negocios para intercambios con el Oriente. Posteriormente, viv\u00ed y estudi\u00e9 chino directamente en China durante un a\u00f1o, concluyendo esta experiencia trabajando en una empresa china durante varias semanas antes de regresar a Italia.<\/p>\n<p><strong>Trabajo de recepci\u00f3n<\/strong><\/p>\n<p>Cuento con experiencia en la b\u00fasqueda y adquisici\u00f3n de nuevos clientes, junto con el manejo y conocimiento t\u00e9cnico de diversos materiales pl\u00e1sticos reciclados. Cuento con una amplia red de contactos dentro de mi industria.<\/p>\n\t\t\t\t\t\t\t\t<\/div>\n\t\t\t\t<\/div>\n\t\t\t\t<\/div>\n\t\t\t\t\t<\/div>\n\t\t\t\t<\/div>\n\t\t<div class=\"elementor-element elementor-element-4dce5fc elementor-hidden-desktop elementor-hidden-mobile e-flex e-con-boxed e-con e-parent\" data-id=\"4dce5fc\" data-element_type=\"container\">\n\t\t\t\t\t<div class=\"e-con-inner\">\n\t\t\t\t<div class=\"elementor-element elementor-element-8fa8f6d elementor-widget elementor-widget-image\" data-id=\"8fa8f6d\" data-element_type=\"widget\" data-widget_type=\"image.default\">\n\t\t\t\t<div class=\"elementor-widget-container\">\n\t\t\t\t\t\t\t\t\t\t\t\t\t\t\t<img fetchpriority=\"high\" decoding=\"async\" width=\"800\" height=\"481\" src=\"https:\/\/jzconnections.com\/wp-content\/uploads\/2024\/02\/Immagine-2024-02-09-174018-1-1024x616.jpg\" class=\"attachment-large size-large wp-image-1342\" alt=\"\" srcset=\"https:\/\/jzconnections.com\/wp-content\/uploads\/2024\/02\/Immagine-2024-02-09-174018-1-1024x616.jpg 1024w, https:\/\/jzconnections.com\/wp-content\/uploads\/2024\/02\/Immagine-2024-02-09-174018-1-300x180.jpg 300w, https:\/\/jzconnections.com\/wp-content\/uploads\/2024\/02\/Immagine-2024-02-09-174018-1-768x462.jpg 768w, https:\/\/jzconnections.com\/wp-content\/uploads\/2024\/02\/Immagine-2024-02-09-174018-1.jpg 1398w\" sizes=\"(max-width: 800px) 100vw, 800px\" \/>\t\t\t\t\t\t\t\t\t\t\t\t\t\t\t<\/div>\n\t\t\t\t<\/div>\n\t\t\t\t\t<\/div>\n\t\t\t\t<\/div>\n\t\t<div class=\"elementor-element elementor-element-7404b92 elementor-hidden-mobile elementor-hidden-tablet e-flex e-con-boxed e-con e-parent\" data-id=\"7404b92\" data-element_type=\"container\" data-settings=\"{&quot;background_background&quot;:&quot;classic&quot;}\">\n\t\t\t\t\t<div class=\"e-con-inner\">\n\t\t<div class=\"elementor-element elementor-element-4450dc2 e-con-full e-flex e-con e-child\" data-id=\"4450dc2\" data-element_type=\"container\">\n\t\t\t\t<div class=\"elementor-element elementor-element-209418f elementor-widget elementor-widget-text-editor\" data-id=\"209418f\" data-element_type=\"widget\" data-widget_type=\"text-editor.default\">\n\t\t\t\t<div class=\"elementor-widget-container\">\n\t\t\t\t\t\t\t\t\t<p><span class=\"OYPEnA text-decoration-none text-strikethrough-none\">Qui\u00e9n Soy<\/span><\/p>\n\t\t\t\t\t\t\t\t<\/div>\n\t\t\t\t<\/div>\n\t\t\t\t<div class=\"elementor-element elementor-element-43de8b1 elementor-widget elementor-widget-text-editor\" data-id=\"43de8b1\" data-element_type=\"widget\" data-widget_type=\"text-editor.default\">\n\t\t\t\t<div class=\"elementor-widget-container\">\n\t\t\t\t\t\t\t\t\t<p class=\"cvGsUA direction-ltr align-center para-style-body\"><span class=\"OYPEnA text-decoration-none text-strikethrough-none\">Soy Johana Zambrano,<br \/>originaria de Ecuador, Sudam\u00e9rica.<br \/>Vivo en Italia<br \/>desde hace m\u00e1s de veinte a\u00f1os<br \/>me encanta considerarme<br \/>una fusi\u00f3n de estas dos culturas.<\/span><\/p>\n\t\t\t\t\t\t\t\t<\/div>\n\t\t\t\t<\/div>\n\t\t\t\t<\/div>\n\t\t<div class=\"elementor-element elementor-element-0dd6aa7 e-con-full e-flex e-con e-child\" data-id=\"0dd6aa7\" data-element_type=\"container\">\n\t\t\t\t<\/div>\n\t\t<div class=\"elementor-element elementor-element-bce05c0 e-con-full e-flex e-con e-child\" data-id=\"bce05c0\" data-element_type=\"container\">\n\t\t\t\t<div class=\"elementor-element elementor-element-652fbcd elementor-widget elementor-widget-text-editor\" data-id=\"652fbcd\" data-element_type=\"widget\" data-widget_type=\"text-editor.default\">\n\t\t\t\t<div class=\"elementor-widget-container\">\n\t\t\t\t\t\t\t\t\t<p><span class=\"OYPEnA text-decoration-none text-strikethrough-none\">Mi Trayectoria:<\/span><\/p>\n\t\t\t\t\t\t\t\t<\/div>\n\t\t\t\t<\/div>\n\t\t\t\t<div class=\"elementor-element elementor-element-6cb706c elementor-widget elementor-widget-text-editor\" data-id=\"6cb706c\" data-element_type=\"widget\" data-widget_type=\"text-editor.default\">\n\t\t\t\t<div class=\"elementor-widget-container\">\n\t\t\t\t\t\t\t\t\t<p>Estudi\u00e9 Comunicaci\u00f3n Intercultural para la Cooperaci\u00f3n y los Negocios para intercambios con el Oriente. Posteriormente, viv\u00ed y estudi\u00e9 chino directamente en China durante un a\u00f1o, concluyendo esta experiencia trabajando en una empresa china durante varias semanas antes de regresar a Italia.<\/p>\n<p>En mi experiencia, cuento con fluidez en cinco idiomas diferentes, incluyendo italiano y espa\u00f1ol como lenguas maternas, un nivel avanzado de ingl\u00e9s, y habilidades intermedias en franc\u00e9s y chino.<\/p>\n\t\t\t\t\t\t\t\t<\/div>\n\t\t\t\t<\/div>\n\t\t\t\t<\/div>\n\t\t\t\t\t<\/div>\n\t\t\t\t<\/div>\n\t\t<div class=\"elementor-element elementor-element-8035147 elementor-hidden-desktop elementor-hidden-mobile e-flex e-con-boxed e-con e-parent\" data-id=\"8035147\" data-element_type=\"container\">\n\t\t\t\t\t<div class=\"e-con-inner\">\n\t\t<div class=\"elementor-element elementor-element-2ea9621 e-con-full e-flex e-con e-child\" data-id=\"2ea9621\" data-element_type=\"container\">\n\t\t\t\t<div class=\"elementor-element elementor-element-6755e9d elementor-widget elementor-widget-text-editor\" data-id=\"6755e9d\" data-element_type=\"widget\" data-widget_type=\"text-editor.default\">\n\t\t\t\t<div class=\"elementor-widget-container\">\n\t\t\t\t\t\t\t\t\t<p><span class=\"OYPEnA text-decoration-none text-strikethrough-none\">Mi Experiencia<br \/>en el Sector del Pl\u00e1stico Reciclado<\/span><\/p>\n\t\t\t\t\t\t\t\t<\/div>\n\t\t\t\t<\/div>\n\t\t\t\t<div class=\"elementor-element elementor-element-d2a215d elementor-widget elementor-widget-text-editor\" data-id=\"d2a215d\" data-element_type=\"widget\" data-widget_type=\"text-editor.default\">\n\t\t\t\t<div class=\"elementor-widget-container\">\n\t\t\t\t\t\t\t\t\t<p>He trabajado en diferentes \u00e1reas de la industria del pl\u00e1stico reciclado, adquiriendo conocimientos valiosos en el camino. Mi experiencia incluye la gesti\u00f3n log\u00edstica a nivel nacional e internacional, el manejo de la documentaci\u00f3n para importaciones y exportaciones, la comprensi\u00f3n de contratos y la organizaci\u00f3n de ferias comerciales.<\/p>\n<p>Adem\u00e1s, tengo habilidades para encontrar y gestionar clientes, y poseo un amplio conocimiento sobre diferentes materiales pl\u00e1sticos reciclados. Cuento con una amplia red de contactos en la industria, lo que me ayuda a mantenerme conectada y a hacer crecer los negocios de manera efectiva.<\/p>\n\t\t\t\t\t\t\t\t<\/div>\n\t\t\t\t<\/div>\n\t\t\t\t<div class=\"elementor-element elementor-element-87d6888 elementor-widget elementor-widget-text-editor\" data-id=\"87d6888\" data-element_type=\"widget\" data-widget_type=\"text-editor.default\">\n\t\t\t\t<div class=\"elementor-widget-container\">\n\t\t\t\t\t\t\t\t\t<p><span class=\"OYPEnA text-decoration-underline text-strikethrough-none\">He decidido combinar<br \/> t<\/span><span class=\"OYPEnA text-decoration-underline text-strikethrough-none\">odas mis experiencias para ofrecer<br \/>a mis clientes el servicio<br \/>m\u00e1s completo posible.<\/span><\/p>\n\t\t\t\t\t\t\t\t<\/div>\n\t\t\t\t<\/div>\n\t\t\t\t<\/div>\n\t\t<div class=\"elementor-element elementor-element-4088002 e-con-full e-flex e-con e-child\" data-id=\"4088002\" data-element_type=\"container\">\n\t\t\t\t<div class=\"elementor-element elementor-element-d65f442 elementor-widget elementor-widget-image\" data-id=\"d65f442\" data-element_type=\"widget\" data-widget_type=\"image.default\">\n\t\t\t\t<div class=\"elementor-widget-container\">\n\t\t\t\t\t\t\t\t\t\t\t\t\t\t\t<img decoding=\"async\" width=\"710\" height=\"1024\" src=\"https:\/\/jzconnections.com\/wp-content\/uploads\/2024\/02\/PRSE-2023-FotoMia2-710x1024.jpg\" class=\"attachment-large size-large wp-image-1405\" alt=\"\" srcset=\"https:\/\/jzconnections.com\/wp-content\/uploads\/2024\/02\/PRSE-2023-FotoMia2-710x1024.jpg 710w, https:\/\/jzconnections.com\/wp-content\/uploads\/2024\/02\/PRSE-2023-FotoMia2-208x300.jpg 208w, https:\/\/jzconnections.com\/wp-content\/uploads\/2024\/02\/PRSE-2023-FotoMia2-768x1108.jpg 768w, https:\/\/jzconnections.com\/wp-content\/uploads\/2024\/02\/PRSE-2023-FotoMia2-1064x1536.jpg 1064w, https:\/\/jzconnections.com\/wp-content\/uploads\/2024\/02\/PRSE-2023-FotoMia2.jpg 1104w\" sizes=\"(max-width: 710px) 100vw, 710px\" \/>\t\t\t\t\t\t\t\t\t\t\t\t\t\t\t<\/div>\n\t\t\t\t<\/div>\n\t\t\t\t<\/div>\n\t\t\t\t\t<\/div>\n\t\t\t\t<\/div>\n\t\t<div class=\"elementor-element elementor-element-ad41a75 elementor-hidden-tablet e-flex e-con-boxed e-con e-parent\" data-id=\"ad41a75\" data-element_type=\"container\">\n\t\t\t\t\t<div class=\"e-con-inner\">\n\t\t<div class=\"elementor-element elementor-element-cbb0b05 e-con-full e-flex e-con e-child\" data-id=\"cbb0b05\" data-element_type=\"container\">\n\t\t\t\t<div class=\"elementor-element elementor-element-0b4b98c elementor-widget elementor-widget-text-editor\" data-id=\"0b4b98c\" data-element_type=\"widget\" data-widget_type=\"text-editor.default\">\n\t\t\t\t<div class=\"elementor-widget-container\">\n\t\t\t\t\t\t\t\t\t<p><span class=\"OYPEnA text-decoration-none text-strikethrough-none\">Mi Experiencia en el<br \/>Sector del Pl\u00e1stico Reciclado<\/span><\/p>\n\t\t\t\t\t\t\t\t<\/div>\n\t\t\t\t<\/div>\n\t\t\t\t<div class=\"elementor-element elementor-element-33c8601 elementor-widget elementor-widget-text-editor\" data-id=\"33c8601\" data-element_type=\"widget\" data-widget_type=\"text-editor.default\">\n\t\t\t\t<div class=\"elementor-widget-container\">\n\t\t\t\t\t\t\t\t\t<p>He trabajado en diferentes \u00e1reas de la industria del pl\u00e1stico reciclado, adquiriendo conocimientos valiosos en el camino. Mi experiencia incluye la gesti\u00f3n log\u00edstica a nivel nacional e internacional, el manejo de la documentaci\u00f3n para importaciones y exportaciones, la comprensi\u00f3n de contratos y la organizaci\u00f3n de ferias comerciales.<\/p>\n<p>Adem\u00e1s, tengo habilidades para encontrar y gestionar clientes, y poseo un amplio conocimiento sobre diferentes materiales pl\u00e1sticos reciclados. Cuento con una amplia red de contactos en la industria, lo que me ayuda a mantenerme conectada y a hacer crecer los negocios de manera efectiva.<\/p>\n\t\t\t\t\t\t\t\t<\/div>\n\t\t\t\t<\/div>\n\t\t\t\t<div class=\"elementor-element elementor-element-3b8d2d3 elementor-widget elementor-widget-text-editor\" data-id=\"3b8d2d3\" data-element_type=\"widget\" data-widget_type=\"text-editor.default\">\n\t\t\t\t<div class=\"elementor-widget-container\">\n\t\t\t\t\t\t\t\t\t<p><span class=\"OYPEnA text-decoration-underline text-strikethrough-none\">He decidido combinar<br \/> t<\/span><span class=\"OYPEnA text-decoration-underline text-strikethrough-none\">odas mis experiencias para ofrecer<br \/>a mis clientes el servicio<br \/>m\u00e1s completo posible.<\/span><\/p>\n\t\t\t\t\t\t\t\t<\/div>\n\t\t\t\t<\/div>\n\t\t\t\t<\/div>\n\t\t<div class=\"elementor-element elementor-element-57dae0a e-con-full e-flex e-con e-child\" data-id=\"57dae0a\" data-element_type=\"container\">\n\t\t\t\t<div class=\"elementor-element elementor-element-57d7416 elementor-widget elementor-widget-image\" data-id=\"57d7416\" data-element_type=\"widget\" data-widget_type=\"image.default\">\n\t\t\t\t<div class=\"elementor-widget-container\">\n\t\t\t\t\t\t\t\t\t\t\t\t\t\t\t<img decoding=\"async\" width=\"710\" height=\"1024\" src=\"https:\/\/jzconnections.com\/wp-content\/uploads\/2024\/02\/PRSE-2023-FotoMia2-710x1024.jpg\" class=\"attachment-large size-large wp-image-1405\" alt=\"\" srcset=\"https:\/\/jzconnections.com\/wp-content\/uploads\/2024\/02\/PRSE-2023-FotoMia2-710x1024.jpg 710w, https:\/\/jzconnections.com\/wp-content\/uploads\/2024\/02\/PRSE-2023-FotoMia2-208x300.jpg 208w, https:\/\/jzconnections.com\/wp-content\/uploads\/2024\/02\/PRSE-2023-FotoMia2-768x1108.jpg 768w, https:\/\/jzconnections.com\/wp-content\/uploads\/2024\/02\/PRSE-2023-FotoMia2-1064x1536.jpg 1064w, https:\/\/jzconnections.com\/wp-content\/uploads\/2024\/02\/PRSE-2023-FotoMia2.jpg 1104w\" sizes=\"(max-width: 710px) 100vw, 710px\" \/>\t\t\t\t\t\t\t\t\t\t\t\t\t\t\t<\/div>\n\t\t\t\t<\/div>\n\t\t\t\t<\/div>\n\t\t\t\t\t<\/div>\n\t\t\t\t<\/div>\n\t\t\t\t<\/div>\n\t\t","protected":false},"excerpt":{"rendered":"<p>Qui\u00e9n Soy Soy Johana Zambrano,originaria de Ecuador, Sudam\u00e9rica.Vivo en Italiadesde hace m\u00e1s de veinte a\u00f1osme encanta considerarmeuna fusi\u00f3n de estas dos culturas. Mi Trayectoria: Estudi\u00e9 Comunicaci\u00f3n Intercultural para la Cooperaci\u00f3n y los Negocios para intercambios con el Oriente. Posteriormente, viv\u00ed y estudi\u00e9 chino directamente en China durante un a\u00f1o, concluyendo esta experiencia trabajando en una [&hellip;]<\/p>\n","protected":false},"author":1,"featured_media":0,"parent":0,"menu_order":0,"comment_status":"closed","ping_status":"closed","template":"","meta":{"_seopress_robots_primary_cat":"","_seopress_titles_title":"","_seopress_titles_desc":"","_seopress_robots_index":"","footnotes":""},"class_list":["post-1438","page","type-page","status-publish","hentry"],"_links":{"self":[{"href":"https:\/\/jzconnections.com\/es\/wp-json\/wp\/v2\/pages\/1438","targetHints":{"allow":["GET"]}}],"collection":[{"href":"https:\/\/jzconnections.com\/es\/wp-json\/wp\/v2\/pages"}],"about":[{"href":"https:\/\/jzconnections.com\/es\/wp-json\/wp\/v2\/types\/page"}],"author":[{"embeddable":true,"href":"https:\/\/jzconnections.com\/es\/wp-json\/wp\/v2\/users\/1"}],"replies":[{"embeddable":true,"href":"https:\/\/jzconnections.com\/es\/wp-json\/wp\/v2\/comments?post=1438"}],"version-history":[{"count":8,"href":"https:\/\/jzconnections.com\/es\/wp-json\/wp\/v2\/pages\/1438\/revisions"}],"predecessor-version":[{"id":1804,"href":"https:\/\/jzconnections.com\/es\/wp-json\/wp\/v2\/pages\/1438\/revisions\/1804"}],"wp:attachment":[{"href":"https:\/\/jzconnections.com\/es\/wp-json\/wp\/v2\/media?parent=1438"}],"curies":[{"name":"wp","href":"https:\/\/api.w.org\/{rel}","templated":true}]}}