{"id":1570,"date":"2024-02-09T21:42:57","date_gmt":"2024-02-09T20:42:57","guid":{"rendered":"https:\/\/jzconnections.com\/nuestros-servicios\/"},"modified":"2024-04-10T15:56:35","modified_gmt":"2024-04-10T13:56:35","slug":"nuestros-servicios","status":"publish","type":"page","link":"https:\/\/jzconnections.com\/es\/nuestros-servicios\/","title":{"rendered":"Nuestros servicios"},"content":{"rendered":"\t\t<div data-elementor-type=\"wp-page\" data-elementor-id=\"1570\" class=\"elementor elementor-1570 elementor-615\" data-elementor-post-type=\"page\">\n\t\t\t\t<div class=\"elementor-element elementor-element-a4b8ccc elementor-hidden-desktop elementor-hidden-mobile e-flex e-con-boxed e-con e-parent\" data-id=\"a4b8ccc\" data-element_type=\"container\">\n\t\t\t\t\t<div class=\"e-con-inner\">\n\t\t<div class=\"elementor-element elementor-element-f95358e e-con-full e-flex e-con e-child\" data-id=\"f95358e\" data-element_type=\"container\">\n\t\t\t\t<div class=\"elementor-element elementor-element-f7e1f95 elementor-widget elementor-widget-text-editor\" data-id=\"f7e1f95\" data-element_type=\"widget\" data-widget_type=\"text-editor.default\">\n\t\t\t\t<div class=\"elementor-widget-container\">\n\t\t\t\t\t\t\t\t\t<p>SERVICIOS<\/p>\n\t\t\t\t\t\t\t\t<\/div>\n\t\t\t\t<\/div>\n\t\t\t\t<div class=\"elementor-element elementor-element-6fa6709 elementor-widget elementor-widget-text-editor\" data-id=\"6fa6709\" data-element_type=\"widget\" data-widget_type=\"text-editor.default\">\n\t\t\t\t<div class=\"elementor-widget-container\">\n\t\t\t\t\t\t\t\t\t<p>Nuestro objetivo es brindar una asistencia integral a nuestros clientes, garantizando un soporte a 360 \u200b\u200bgrados en el sector del pl\u00e1stico reciclado. Colaboraciones con Clientes.<\/p>\n\t\t\t\t\t\t\t\t<\/div>\n\t\t\t\t<\/div>\n\t\t\t\t<div class=\"elementor-element elementor-element-3231107 elementor-widget elementor-widget-text-editor\" data-id=\"3231107\" data-element_type=\"widget\" data-widget_type=\"text-editor.default\">\n\t\t\t\t<div class=\"elementor-widget-container\">\n\t\t\t\t\t\t\t\t\t<p>Para los Proveedores:<\/p>\n\t\t\t\t\t\t\t\t<\/div>\n\t\t\t\t<\/div>\n\t\t\t\t<div class=\"elementor-element elementor-element-93506ea elementor-widget elementor-widget-text-editor\" data-id=\"93506ea\" data-element_type=\"widget\" data-widget_type=\"text-editor.default\">\n\t\t\t\t<div class=\"elementor-widget-container\">\n\t\t\t\t\t\t\t\t\t<div>\n<ul>\n<li>Desarrollar una presencia en nuestros mercados, principalmente en <span style=\"color: green;\"><b>It<\/b><\/span><b>al<\/b><span style=\"color: red;\"><b>ia<\/b><\/span> y <b><span style=\"color: red;\">Es<\/span><span style=\"color: #eedf07;\">pa<\/span><span style=\"color: red;\">\u00f1a<\/span><\/b>.<\/li>\n<li>Apoyo en la creaci\u00f3n o adaptaci\u00f3n de documentaci\u00f3n t\u00e9cnica con informaci\u00f3n relevante para los sectores de inter\u00e9s.<\/li>\n<li>Soporte comercial a trav\u00e9s de nuestro back office y oficina log\u00edstica.<\/li>\n<li>Establecer colaboraciones a largo plazo con los clientes.<\/li>\n<\/ul>\n<\/div>\n\t\t\t\t\t\t\t\t<\/div>\n\t\t\t\t<\/div>\n\t\t\t\t<div class=\"elementor-element elementor-element-8033e04 elementor-widget elementor-widget-text-editor\" data-id=\"8033e04\" data-element_type=\"widget\" data-widget_type=\"text-editor.default\">\n\t\t\t\t<div class=\"elementor-widget-container\">\n\t\t\t\t\t\t\t\t\t<p>Para los clientes:<\/p>\n\t\t\t\t\t\t\t\t<\/div>\n\t\t\t\t<\/div>\n\t\t\t\t<div class=\"elementor-element elementor-element-d6038f8 elementor-widget elementor-widget-text-editor\" data-id=\"d6038f8\" data-element_type=\"widget\" data-widget_type=\"text-editor.default\">\n\t\t\t\t<div class=\"elementor-widget-container\">\n\t\t\t\t\t\t\t\t\t<div>\n<ul>\n \t<li>Identificar al mejor proveedor en t\u00e9rminos de cantidad, precio y certificaciones.<\/li>\n \t<li>Apoyar la cadena de suministro con una oficina administrativa eficiente.<\/li>\n \t<li>Informar sobre la evoluci\u00f3n del precio.<\/li>\n<\/ul>\n<\/div>\t\t\t\t\t\t\t\t<\/div>\n\t\t\t\t<\/div>\n\t\t\t\t<div class=\"elementor-element elementor-element-cd2acd0 elementor-widget elementor-widget-text-editor\" data-id=\"cd2acd0\" data-element_type=\"widget\" data-widget_type=\"text-editor.default\">\n\t\t\t\t<div class=\"elementor-widget-container\">\n\t\t\t\t\t\t\t\t\t<p>\u00abTu \u00e9xito es nuestro \u00e9xito,<br \/>y juntos construimos un camino hacia el triunfo.\u00bb<\/p>\n\t\t\t\t\t\t\t\t<\/div>\n\t\t\t\t<\/div>\n\t\t\t\t<div class=\"elementor-element elementor-element-1fb9ca9 elementor-align-center elementor-widget elementor-widget-button\" data-id=\"1fb9ca9\" data-element_type=\"widget\" data-widget_type=\"button.default\">\n\t\t\t\t<div class=\"elementor-widget-container\">\n\t\t\t\t\t\t\t\t\t<div class=\"elementor-button-wrapper\">\n\t\t\t\t\t<a class=\"elementor-button elementor-button-link elementor-size-sm\" href=\"https:\/\/jzconnections.com\/es\/contactame\/\">\n\t\t\t\t\t\t<span class=\"elementor-button-content-wrapper\">\n\t\t\t\t\t\t\t\t\t<span class=\"elementor-button-text\">Cont\u00e1ctame para m\u00e1s informaci\u00f3n.<\/span>\n\t\t\t\t\t<\/span>\n\t\t\t\t\t<\/a>\n\t\t\t\t<\/div>\n\t\t\t\t\t\t\t\t<\/div>\n\t\t\t\t<\/div>\n\t\t\t\t<\/div>\n\t\t<div class=\"elementor-element elementor-element-a591aed e-con-full e-flex e-con e-child\" data-id=\"a591aed\" data-element_type=\"container\">\n\t\t\t\t<div class=\"elementor-element elementor-element-9dfe104 elementor-widget elementor-widget-image\" data-id=\"9dfe104\" data-element_type=\"widget\" data-widget_type=\"image.default\">\n\t\t\t\t<div class=\"elementor-widget-container\">\n\t\t\t\t\t\t\t\t\t\t\t\t\t\t\t<img fetchpriority=\"high\" decoding=\"async\" width=\"768\" height=\"1163\" src=\"https:\/\/jzconnections.com\/wp-content\/uploads\/2024\/02\/Immagine-2024-02-13-223541-768x1163.jpg\" class=\"attachment-medium_large size-medium_large wp-image-1381\" alt=\"\" srcset=\"https:\/\/jzconnections.com\/wp-content\/uploads\/2024\/02\/Immagine-2024-02-13-223541-768x1163.jpg 768w, https:\/\/jzconnections.com\/wp-content\/uploads\/2024\/02\/Immagine-2024-02-13-223541-198x300.jpg 198w, https:\/\/jzconnections.com\/wp-content\/uploads\/2024\/02\/Immagine-2024-02-13-223541-676x1024.jpg 676w, https:\/\/jzconnections.com\/wp-content\/uploads\/2024\/02\/Immagine-2024-02-13-223541.jpg 904w\" sizes=\"(max-width: 768px) 100vw, 768px\" \/>\t\t\t\t\t\t\t\t\t\t\t\t\t\t\t<\/div>\n\t\t\t\t<\/div>\n\t\t\t\t<\/div>\n\t\t\t\t\t<\/div>\n\t\t\t\t<\/div>\n\t\t<div class=\"elementor-element elementor-element-e56eaa0 elementor-hidden-tablet e-flex e-con-boxed e-con e-parent\" data-id=\"e56eaa0\" data-element_type=\"container\">\n\t\t\t\t\t<div class=\"e-con-inner\">\n\t\t<div class=\"elementor-element elementor-element-95477c0 e-con-full e-flex e-con e-child\" data-id=\"95477c0\" data-element_type=\"container\">\n\t\t\t\t<div class=\"elementor-element elementor-element-cac1b00 elementor-widget elementor-widget-text-editor\" data-id=\"cac1b00\" data-element_type=\"widget\" data-widget_type=\"text-editor.default\">\n\t\t\t\t<div class=\"elementor-widget-container\">\n\t\t\t\t\t\t\t\t\t<p>SERVICIOS<\/p>\n\t\t\t\t\t\t\t\t<\/div>\n\t\t\t\t<\/div>\n\t\t\t\t<div class=\"elementor-element elementor-element-aefe169 elementor-widget elementor-widget-text-editor\" data-id=\"aefe169\" data-element_type=\"widget\" data-widget_type=\"text-editor.default\">\n\t\t\t\t<div class=\"elementor-widget-container\">\n\t\t\t\t\t\t\t\t\t<p>Nuestro objetivo es brindar una asistencia integral a nuestros clientes, garantizando un soporte a 360 \u200b\u200bgrados en el sector del pl\u00e1stico reciclado.<\/p>\n\t\t\t\t\t\t\t\t<\/div>\n\t\t\t\t<\/div>\n\t\t\t\t<div class=\"elementor-element elementor-element-904e04e elementor-widget elementor-widget-text-editor\" data-id=\"904e04e\" data-element_type=\"widget\" data-widget_type=\"text-editor.default\">\n\t\t\t\t<div class=\"elementor-widget-container\">\n\t\t\t\t\t\t\t\t\t<p>Para los Proveedores:<\/p>\n\t\t\t\t\t\t\t\t<\/div>\n\t\t\t\t<\/div>\n\t\t\t\t<div class=\"elementor-element elementor-element-ec1908f elementor-widget elementor-widget-text-editor\" data-id=\"ec1908f\" data-element_type=\"widget\" data-widget_type=\"text-editor.default\">\n\t\t\t\t<div class=\"elementor-widget-container\">\n\t\t\t\t\t\t\t\t\t<div>\n<ul>\n<li>Desarrollar una presencia en nuestros mercados, principalmente en <span style=\"color: green;\"><b>It<\/b><\/span><b>a<\/b><span style=\"color: red;\"><b>lia<\/b><\/span> y <b><span style=\"color: red;\">Es<\/span><span style=\"color: #eedf07;\">pa<\/span><span style=\"color: red;\">\u00f1a<\/span><\/b>.<\/li>\n<li>Apoyo en la creaci\u00f3n o adaptaci\u00f3n de documentaci\u00f3n t\u00e9cnica con informaci\u00f3n relevante para los sectores de inter\u00e9s.<\/li>\n<li>Soporte comercial a trav\u00e9s de nuestro back office y oficina log\u00edstica.<\/li>\n<li>Establecer colaboraciones a largo plazo con los clientes.<\/li>\n<\/ul>\n<\/div>\n\t\t\t\t\t\t\t\t<\/div>\n\t\t\t\t<\/div>\n\t\t\t\t<div class=\"elementor-element elementor-element-a7cc1ce elementor-widget elementor-widget-text-editor\" data-id=\"a7cc1ce\" data-element_type=\"widget\" data-widget_type=\"text-editor.default\">\n\t\t\t\t<div class=\"elementor-widget-container\">\n\t\t\t\t\t\t\t\t\t<p>Para los clientes:<\/p>\n\t\t\t\t\t\t\t\t<\/div>\n\t\t\t\t<\/div>\n\t\t\t\t<div class=\"elementor-element elementor-element-a8b8b84 elementor-widget elementor-widget-text-editor\" data-id=\"a8b8b84\" data-element_type=\"widget\" data-widget_type=\"text-editor.default\">\n\t\t\t\t<div class=\"elementor-widget-container\">\n\t\t\t\t\t\t\t\t\t<div>\n<ul>\n \t<li>Identificar al mejor proveedor en t\u00e9rminos de cantidad, precio y certificaciones.<\/li>\n \t<li>Apoyar la cadena de suministro con una oficina administrativa eficiente.<\/li>\n \t<li>Informar sobre la evoluci\u00f3n del precio.<\/li>\n<\/ul>\n<\/div>\t\t\t\t\t\t\t\t<\/div>\n\t\t\t\t<\/div>\n\t\t\t\t<div class=\"elementor-element elementor-element-b1050a4 elementor-widget elementor-widget-text-editor\" data-id=\"b1050a4\" data-element_type=\"widget\" data-widget_type=\"text-editor.default\">\n\t\t\t\t<div class=\"elementor-widget-container\">\n\t\t\t\t\t\t\t\t\t<p>\u00abTu \u00e9xito es nuestro \u00e9xito,<br \/>y juntos construimos un camino hacia el triunfo.\u00bb<\/p>\n\t\t\t\t\t\t\t\t<\/div>\n\t\t\t\t<\/div>\n\t\t\t\t<div class=\"elementor-element elementor-element-c948a8e elementor-align-center elementor-widget elementor-widget-button\" data-id=\"c948a8e\" data-element_type=\"widget\" data-widget_type=\"button.default\">\n\t\t\t\t<div class=\"elementor-widget-container\">\n\t\t\t\t\t\t\t\t\t<div class=\"elementor-button-wrapper\">\n\t\t\t\t\t<a class=\"elementor-button elementor-button-link elementor-size-sm\" href=\"https:\/\/jzconnections.com\/es\/contactame\/\">\n\t\t\t\t\t\t<span class=\"elementor-button-content-wrapper\">\n\t\t\t\t\t\t\t\t\t<span class=\"elementor-button-text\">Cont\u00e1ctame para m\u00e1s informaci\u00f3n.<\/span>\n\t\t\t\t\t<\/span>\n\t\t\t\t\t<\/a>\n\t\t\t\t<\/div>\n\t\t\t\t\t\t\t\t<\/div>\n\t\t\t\t<\/div>\n\t\t\t\t<\/div>\n\t\t<div class=\"elementor-element elementor-element-e935502 e-con-full e-flex e-con e-child\" data-id=\"e935502\" data-element_type=\"container\">\n\t\t\t\t<div class=\"elementor-element elementor-element-c518a56 elementor-widget elementor-widget-image\" data-id=\"c518a56\" data-element_type=\"widget\" data-widget_type=\"image.default\">\n\t\t\t\t<div class=\"elementor-widget-container\">\n\t\t\t\t\t\t\t\t\t\t\t\t\t\t\t<img fetchpriority=\"high\" decoding=\"async\" width=\"768\" height=\"1163\" src=\"https:\/\/jzconnections.com\/wp-content\/uploads\/2024\/02\/Immagine-2024-02-13-223541-768x1163.jpg\" class=\"attachment-medium_large size-medium_large wp-image-1381\" alt=\"\" srcset=\"https:\/\/jzconnections.com\/wp-content\/uploads\/2024\/02\/Immagine-2024-02-13-223541-768x1163.jpg 768w, https:\/\/jzconnections.com\/wp-content\/uploads\/2024\/02\/Immagine-2024-02-13-223541-198x300.jpg 198w, https:\/\/jzconnections.com\/wp-content\/uploads\/2024\/02\/Immagine-2024-02-13-223541-676x1024.jpg 676w, https:\/\/jzconnections.com\/wp-content\/uploads\/2024\/02\/Immagine-2024-02-13-223541.jpg 904w\" sizes=\"(max-width: 768px) 100vw, 768px\" \/>\t\t\t\t\t\t\t\t\t\t\t\t\t\t\t<\/div>\n\t\t\t\t<\/div>\n\t\t\t\t<\/div>\n\t\t\t\t\t<\/div>\n\t\t\t\t<\/div>\n\t\t<div class=\"elementor-element elementor-element-672f58d e-flex e-con-boxed e-con e-parent\" data-id=\"672f58d\" data-element_type=\"container\">\n\t\t\t\t\t<div class=\"e-con-inner\">\n\t\t\t\t\t<\/div>\n\t\t\t\t<\/div>\n\t\t\t\t<\/div>\n\t\t","protected":false},"excerpt":{"rendered":"<p>SERVICIOS Nuestro objetivo es brindar una asistencia integral a nuestros clientes, garantizando un soporte a 360 \u200b\u200bgrados en el sector del pl\u00e1stico reciclado. Colaboraciones con Clientes. Para los Proveedores: Desarrollar una presencia en nuestros mercados, principalmente en Italia y Espa\u00f1a. Apoyo en la creaci\u00f3n o adaptaci\u00f3n de documentaci\u00f3n t\u00e9cnica con informaci\u00f3n relevante para los sectores [&hellip;]<\/p>\n","protected":false},"author":1,"featured_media":0,"parent":0,"menu_order":0,"comment_status":"closed","ping_status":"closed","template":"","meta":{"_seopress_robots_primary_cat":"","_seopress_titles_title":"","_seopress_titles_desc":"","_seopress_robots_index":"","footnotes":""},"class_list":["post-1570","page","type-page","status-publish","hentry"],"_links":{"self":[{"href":"https:\/\/jzconnections.com\/es\/wp-json\/wp\/v2\/pages\/1570","targetHints":{"allow":["GET"]}}],"collection":[{"href":"https:\/\/jzconnections.com\/es\/wp-json\/wp\/v2\/pages"}],"about":[{"href":"https:\/\/jzconnections.com\/es\/wp-json\/wp\/v2\/types\/page"}],"author":[{"embeddable":true,"href":"https:\/\/jzconnections.com\/es\/wp-json\/wp\/v2\/users\/1"}],"replies":[{"embeddable":true,"href":"https:\/\/jzconnections.com\/es\/wp-json\/wp\/v2\/comments?post=1570"}],"version-history":[{"count":11,"href":"https:\/\/jzconnections.com\/es\/wp-json\/wp\/v2\/pages\/1570\/revisions"}],"predecessor-version":[{"id":1835,"href":"https:\/\/jzconnections.com\/es\/wp-json\/wp\/v2\/pages\/1570\/revisions\/1835"}],"wp:attachment":[{"href":"https:\/\/jzconnections.com\/es\/wp-json\/wp\/v2\/media?parent=1570"}],"curies":[{"name":"wp","href":"https:\/\/api.w.org\/{rel}","templated":true}]}}