{"id":1580,"date":"2023-10-13T16:36:51","date_gmt":"2023-10-13T14:36:51","guid":{"rendered":"https:\/\/jzconnections.com\/mi-negocio\/"},"modified":"2025-10-30T18:49:58","modified_gmt":"2025-10-30T17:49:58","slug":"mi-negocio","status":"publish","type":"page","link":"https:\/\/jzconnections.com\/es\/mi-negocio\/","title":{"rendered":"Mi negocio"},"content":{"rendered":"\t\t<div data-elementor-type=\"wp-page\" data-elementor-id=\"1580\" class=\"elementor elementor-1580 elementor-182\" data-elementor-post-type=\"page\">\n\t\t\t\t<div class=\"elementor-element elementor-element-dbd4185 e-con-full elementor-hidden-mobile elementor-hidden-desktop e-flex e-con e-parent\" data-id=\"dbd4185\" data-element_type=\"container\" data-settings=\"{&quot;background_background&quot;:&quot;classic&quot;}\">\n\t\t<div class=\"elementor-element elementor-element-aadbf65 e-con-full e-flex e-con e-child\" data-id=\"aadbf65\" data-element_type=\"container\">\n\t\t\t\t<\/div>\n\t\t<div class=\"elementor-element elementor-element-ba7fd99 e-con-full e-flex e-con e-child\" data-id=\"ba7fd99\" data-element_type=\"container\">\n\t\t\t\t<div class=\"elementor-element elementor-element-796164d elementor-widget elementor-widget-text-editor\" data-id=\"796164d\" data-element_type=\"widget\" data-widget_type=\"text-editor.default\">\n\t\t\t\t<div class=\"elementor-widget-container\">\n\t\t\t\t\t\t\t\t\t<p><span class=\"OYPEnA text-decoration-none text-strikethrough-none\">MI NEGOCIO<\/span><\/p>\t\t\t\t\t\t\t\t<\/div>\n\t\t\t\t<\/div>\n\t\t\t\t<div class=\"elementor-element elementor-element-4107090 elementor-widget elementor-widget-text-editor\" data-id=\"4107090\" data-element_type=\"widget\" data-widget_type=\"text-editor.default\">\n\t\t\t\t<div class=\"elementor-widget-container\">\n\t\t\t\t\t\t\t\t\t<p>Soy una intermediaria que conecta a los recicladores con los procesadores en el sector de los materiales pl\u00e1sticos reciclados.<\/p><p>Ofrezco un servicio de ventas integral, desde la identificaci\u00f3n de clientes\/proveedores hasta la venta y liquidaci\u00f3n de materiales.<\/p><p class=\"cvGsUA direction-ltr align-center para-style-body\">Ofrezco un servicio integral dise\u00f1ado para satisfacer todas las necesidades de los clientes.<\/p>\t\t\t\t\t\t\t\t<\/div>\n\t\t\t\t<\/div>\n\t\t\t\t<div class=\"elementor-element elementor-element-92853b5 elementor-align-center elementor-widget elementor-widget-button\" data-id=\"92853b5\" data-element_type=\"widget\" data-widget_type=\"button.default\">\n\t\t\t\t<div class=\"elementor-widget-container\">\n\t\t\t\t\t\t\t\t\t<div class=\"elementor-button-wrapper\">\n\t\t\t\t\t<a class=\"elementor-button elementor-button-link elementor-size-sm\" href=\"https:\/\/jzconnections.com\/es\/contactame\/\">\n\t\t\t\t\t\t<span class=\"elementor-button-content-wrapper\">\n\t\t\t\t\t\t\t\t\t<span class=\"elementor-button-text\">Cont\u00e1ctame para m\u00e1s informaci\u00f3n.<\/span>\n\t\t\t\t\t<\/span>\n\t\t\t\t\t<\/a>\n\t\t\t\t<\/div>\n\t\t\t\t\t\t\t\t<\/div>\n\t\t\t\t<\/div>\n\t\t\t\t<\/div>\n\t\t<div class=\"elementor-element elementor-element-8b634eb e-con-full e-flex e-con e-child\" data-id=\"8b634eb\" data-element_type=\"container\">\n\t\t\t\t<\/div>\n\t\t<div class=\"elementor-element elementor-element-064a423 e-con-full e-flex e-con e-child\" data-id=\"064a423\" data-element_type=\"container\">\n\t\t\t\t<\/div>\n\t\t\t\t<\/div>\n\t\t<div class=\"elementor-element elementor-element-fadae23 e-con-full elementor-hidden-mobile elementor-hidden-tablet e-flex e-con e-parent\" data-id=\"fadae23\" data-element_type=\"container\" data-settings=\"{&quot;background_background&quot;:&quot;classic&quot;}\">\n\t\t<div class=\"elementor-element elementor-element-dd8092f e-con-full e-flex e-con e-child\" data-id=\"dd8092f\" data-element_type=\"container\">\n\t\t\t\t<\/div>\n\t\t<div class=\"elementor-element elementor-element-ebb36df e-con-full e-flex e-con e-child\" data-id=\"ebb36df\" data-element_type=\"container\">\n\t\t\t\t<div class=\"elementor-element elementor-element-933b71d elementor-widget elementor-widget-text-editor\" data-id=\"933b71d\" data-element_type=\"widget\" data-widget_type=\"text-editor.default\">\n\t\t\t\t<div class=\"elementor-widget-container\">\n\t\t\t\t\t\t\t\t\t<p><span class=\"OYPEnA text-decoration-none text-strikethrough-none\">MI NEGOCIO<\/span><\/p>\t\t\t\t\t\t\t\t<\/div>\n\t\t\t\t<\/div>\n\t\t\t\t<div class=\"elementor-element elementor-element-b9dcdbe elementor-widget elementor-widget-text-editor\" data-id=\"b9dcdbe\" data-element_type=\"widget\" data-widget_type=\"text-editor.default\">\n\t\t\t\t<div class=\"elementor-widget-container\">\n\t\t\t\t\t\t\t\t\t<p>Soy una intermediaria que conecta a los recicladores con los procesadores en el sector de los materiales pl\u00e1sticos reciclados.<\/p><p>Ofrezco un servicio de ventas integral, desde la identificaci\u00f3n de clientes\/proveedores hasta la venta y liquidaci\u00f3n de materiales.<\/p><p>Ofrezco un servicio integral dise\u00f1ado para satisfacer todas las necesidades de los clientes.<\/p>\t\t\t\t\t\t\t\t<\/div>\n\t\t\t\t<\/div>\n\t\t\t\t<div class=\"elementor-element elementor-element-a4f8f36 elementor-align-center elementor-widget elementor-widget-button\" data-id=\"a4f8f36\" data-element_type=\"widget\" data-widget_type=\"button.default\">\n\t\t\t\t<div class=\"elementor-widget-container\">\n\t\t\t\t\t\t\t\t\t<div class=\"elementor-button-wrapper\">\n\t\t\t\t\t<a class=\"elementor-button elementor-button-link elementor-size-sm\" href=\"https:\/\/jzconnections.com\/es\/contactame\/\">\n\t\t\t\t\t\t<span class=\"elementor-button-content-wrapper\">\n\t\t\t\t\t\t\t\t\t<span class=\"elementor-button-text\">Cont\u00e1ctame para m\u00e1s informaci\u00f3n.<\/span>\n\t\t\t\t\t<\/span>\n\t\t\t\t\t<\/a>\n\t\t\t\t<\/div>\n\t\t\t\t\t\t\t\t<\/div>\n\t\t\t\t<\/div>\n\t\t\t\t<\/div>\n\t\t<div class=\"elementor-element elementor-element-643c668 e-con-full e-flex e-con e-child\" data-id=\"643c668\" data-element_type=\"container\">\n\t\t\t\t<\/div>\n\t\t<div class=\"elementor-element elementor-element-18936d4 e-con-full e-flex e-con e-child\" data-id=\"18936d4\" data-element_type=\"container\">\n\t\t\t\t<\/div>\n\t\t\t\t<\/div>\n\t\t<div class=\"elementor-element elementor-element-6bd6bca elementor-hidden-desktop elementor-hidden-tablet e-flex e-con-boxed e-con e-parent\" data-id=\"6bd6bca\" data-element_type=\"container\">\n\t\t\t\t\t<div class=\"e-con-inner\">\n\t\t\t\t<div class=\"elementor-element elementor-element-94112b7 elementor-widget elementor-widget-text-editor\" data-id=\"94112b7\" data-element_type=\"widget\" data-widget_type=\"text-editor.default\">\n\t\t\t\t<div class=\"elementor-widget-container\">\n\t\t\t\t\t\t\t\t\t<p><span class=\"OYPEnA text-decoration-none text-strikethrough-none\">MI NEGOCIO<\/span><\/p>\t\t\t\t\t\t\t\t<\/div>\n\t\t\t\t<\/div>\n\t\t\t\t<div class=\"elementor-element elementor-element-ea1874d elementor-widget elementor-widget-text-editor\" data-id=\"ea1874d\" data-element_type=\"widget\" data-widget_type=\"text-editor.default\">\n\t\t\t\t<div class=\"elementor-widget-container\">\n\t\t\t\t\t\t\t\t\t<p>Soy una intermediaria que conecta a los recicladores con los procesadores en el sector de los materiales pl\u00e1sticos reciclados.<\/p><p>Ofrezco un servicio de ventas integral, desde la identificaci\u00f3n de clientes\/proveedores hasta la venta y liquidaci\u00f3n de materiales.<\/p><p class=\"cvGsUA direction-ltr align-center para-style-body\">Ofrezco un servicio integral dise\u00f1ado para satisfacer todas las necesidades de los clientes.<\/p>\t\t\t\t\t\t\t\t<\/div>\n\t\t\t\t<\/div>\n\t\t\t\t<div class=\"elementor-element elementor-element-21408c5 elementor-align-center elementor-widget elementor-widget-button\" data-id=\"21408c5\" data-element_type=\"widget\" data-widget_type=\"button.default\">\n\t\t\t\t<div class=\"elementor-widget-container\">\n\t\t\t\t\t\t\t\t\t<div class=\"elementor-button-wrapper\">\n\t\t\t\t\t<a class=\"elementor-button elementor-button-link elementor-size-sm\" href=\"https:\/\/jzconnections.com\/es\/contactame\/\">\n\t\t\t\t\t\t<span class=\"elementor-button-content-wrapper\">\n\t\t\t\t\t\t\t\t\t<span class=\"elementor-button-text\">Cont\u00e1ctame para m\u00e1s informaci\u00f3n.<\/span>\n\t\t\t\t\t<\/span>\n\t\t\t\t\t<\/a>\n\t\t\t\t<\/div>\n\t\t\t\t\t\t\t\t<\/div>\n\t\t\t\t<\/div>\n\t\t\t\t<div class=\"elementor-element elementor-element-be63931 elementor-widget elementor-widget-image\" data-id=\"be63931\" data-element_type=\"widget\" data-widget_type=\"image.default\">\n\t\t\t\t<div class=\"elementor-widget-container\">\n\t\t\t\t\t\t\t\t\t\t\t\t\t\t\t<img fetchpriority=\"high\" decoding=\"async\" width=\"800\" height=\"521\" src=\"https:\/\/jzconnections.com\/wp-content\/uploads\/2024\/02\/Immagine-2024-02-13-224105-1024x667.jpg\" class=\"attachment-large size-large wp-image-1384\" alt=\"\" srcset=\"https:\/\/jzconnections.com\/wp-content\/uploads\/2024\/02\/Immagine-2024-02-13-224105-1024x667.jpg 1024w, https:\/\/jzconnections.com\/wp-content\/uploads\/2024\/02\/Immagine-2024-02-13-224105-300x195.jpg 300w, https:\/\/jzconnections.com\/wp-content\/uploads\/2024\/02\/Immagine-2024-02-13-224105-768x500.jpg 768w, https:\/\/jzconnections.com\/wp-content\/uploads\/2024\/02\/Immagine-2024-02-13-224105-1536x1000.jpg 1536w, https:\/\/jzconnections.com\/wp-content\/uploads\/2024\/02\/Immagine-2024-02-13-224105-scaled.jpg 2048w\" sizes=\"(max-width: 800px) 100vw, 800px\" \/>\t\t\t\t\t\t\t\t\t\t\t\t\t\t\t<\/div>\n\t\t\t\t<\/div>\n\t\t\t\t\t<\/div>\n\t\t\t\t<\/div>\n\t\t\t\t<\/div>\n\t\t","protected":false},"excerpt":{"rendered":"<p>MI NEGOCIO Soy una intermediaria que conecta a los recicladores con los procesadores en el sector de los materiales pl\u00e1sticos reciclados. Ofrezco un servicio de ventas integral, desde la identificaci\u00f3n de clientes\/proveedores hasta la venta y liquidaci\u00f3n de materiales. Ofrezco un servicio integral dise\u00f1ado para satisfacer todas las necesidades de los clientes. Cont\u00e1ctame para m\u00e1s [&hellip;]<\/p>\n","protected":false},"author":1,"featured_media":0,"parent":0,"menu_order":0,"comment_status":"closed","ping_status":"closed","template":"","meta":{"_seopress_robots_primary_cat":"","_seopress_titles_title":"","_seopress_titles_desc":"","_seopress_robots_index":"","footnotes":""},"class_list":["post-1580","page","type-page","status-publish","hentry"],"_links":{"self":[{"href":"https:\/\/jzconnections.com\/es\/wp-json\/wp\/v2\/pages\/1580","targetHints":{"allow":["GET"]}}],"collection":[{"href":"https:\/\/jzconnections.com\/es\/wp-json\/wp\/v2\/pages"}],"about":[{"href":"https:\/\/jzconnections.com\/es\/wp-json\/wp\/v2\/types\/page"}],"author":[{"embeddable":true,"href":"https:\/\/jzconnections.com\/es\/wp-json\/wp\/v2\/users\/1"}],"replies":[{"embeddable":true,"href":"https:\/\/jzconnections.com\/es\/wp-json\/wp\/v2\/comments?post=1580"}],"version-history":[{"count":4,"href":"https:\/\/jzconnections.com\/es\/wp-json\/wp\/v2\/pages\/1580\/revisions"}],"predecessor-version":[{"id":1898,"href":"https:\/\/jzconnections.com\/es\/wp-json\/wp\/v2\/pages\/1580\/revisions\/1898"}],"wp:attachment":[{"href":"https:\/\/jzconnections.com\/es\/wp-json\/wp\/v2\/media?parent=1580"}],"curies":[{"name":"wp","href":"https:\/\/api.w.org\/{rel}","templated":true}]}}